{"id":1212,"date":"2025-04-09T08:44:49","date_gmt":"2025-04-09T06:44:49","guid":{"rendered":"https:\/\/fichesetresumesdelivres.com\/?page_id=1212"},"modified":"2025-10-29T14:07:40","modified_gmt":"2025-10-29T13:07:40","slug":"fiches-de-lecture-et-pack-premium","status":"publish","type":"page","link":"https:\/\/fichesetresumesdelivres.com\/index.php\/fiches-de-lecture-et-pack-premium\/","title":{"rendered":"Fiches de lecture et Pack Premium"},"content":{"rendered":"<p><img fetchpriority=\"high\" decoding=\"async\" class=\"alignnone  wp-image-1281\" src=\"https:\/\/fichesetresumesdelivres.com\/wp-content\/uploads\/2025\/10\/P04-Resumes-de-livres-Comparatif-des-offres-300x169.jpg\" alt=\"\" width=\"879\" height=\"495\" srcset=\"https:\/\/fichesetresumesdelivres.com\/wp-content\/uploads\/2025\/10\/P04-Resumes-de-livres-Comparatif-des-offres-300x169.jpg 300w, https:\/\/fichesetresumesdelivres.com\/wp-content\/uploads\/2025\/10\/P04-Resumes-de-livres-Comparatif-des-offres-1024x576.jpg 1024w, https:\/\/fichesetresumesdelivres.com\/wp-content\/uploads\/2025\/10\/P04-Resumes-de-livres-Comparatif-des-offres-768x432.jpg 768w, https:\/\/fichesetresumesdelivres.com\/wp-content\/uploads\/2025\/10\/P04-Resumes-de-livres-Comparatif-des-offres-1536x864.jpg 1536w, https:\/\/fichesetresumesdelivres.com\/wp-content\/uploads\/2025\/10\/P04-Resumes-de-livres-Comparatif-des-offres.jpg 1920w\" sizes=\"(max-width: 706px) 89vw, (max-width: 767px) 82vw, 740px\" \/><span style=\"font-weight: 400;\">Que vous soyez d\u00e9sireux d\u2019optimiser votre temps, votre sant\u00e9, vos relations ou vos finances, les Fiches de lecture et le Pack Premium vous offrent l\u2019essentiel des meilleurs livres en un format clair, pratique et directement applicable.<\/span><\/p>\n<div id=\"ez-toc-container\" class=\"ez-toc-v2_0_82_2 counter-hierarchy ez-toc-counter ez-toc-grey ez-toc-container-direction\">\n<div class=\"ez-toc-title-container\">\n<p class=\"ez-toc-title\" style=\"cursor:inherit\">Table of Contents<\/p>\n<span class=\"ez-toc-title-toggle\"><a href=\"#\" class=\"ez-toc-pull-right ez-toc-btn ez-toc-btn-xs ez-toc-btn-default ez-toc-toggle\" aria-label=\"Toggle Table of Content\"><span class=\"ez-toc-js-icon-con\"><span class=\"\"><span class=\"eztoc-hide\" style=\"display:none;\">Toggle<\/span><span class=\"ez-toc-icon-toggle-span\"><svg style=\"fill: #999;color:#999\" xmlns=\"http:\/\/www.w3.org\/2000\/svg\" class=\"list-377408\" width=\"20px\" height=\"20px\" viewBox=\"0 0 24 24\" fill=\"none\"><path d=\"M6 6H4v2h2V6zm14 0H8v2h12V6zM4 11h2v2H4v-2zm16 0H8v2h12v-2zM4 16h2v2H4v-2zm16 0H8v2h12v-2z\" fill=\"currentColor\"><\/path><\/svg><svg style=\"fill: #999;color:#999\" class=\"arrow-unsorted-368013\" xmlns=\"http:\/\/www.w3.org\/2000\/svg\" width=\"10px\" height=\"10px\" viewBox=\"0 0 24 24\" version=\"1.2\" baseProfile=\"tiny\"><path d=\"M18.2 9.3l-6.2-6.3-6.2 6.3c-.2.2-.3.4-.3.7s.1.5.3.7c.2.2.4.3.7.3h11c.3 0 .5-.1.7-.3.2-.2.3-.5.3-.7s-.1-.5-.3-.7zM5.8 14.7l6.2 6.3 6.2-6.3c.2-.2.3-.5.3-.7s-.1-.5-.3-.7c-.2-.2-.4-.3-.7-.3h-11c-.3 0-.5.1-.7.3-.2.2-.3.5-.3.7s.1.5.3.7z\"\/><\/svg><\/span><\/span><\/span><\/a><\/span><\/div>\n<nav><ul class='ez-toc-list ez-toc-list-level-1 ' ><li class='ez-toc-page-1 ez-toc-heading-level-3'><a class=\"ez-toc-link ez-toc-heading-1\" href=\"https:\/\/fichesetresumesdelivres.com\/index.php\/fiches-de-lecture-et-pack-premium\/#Acceder_aux_fiches_de_lecture\" >Acc\u00e9der aux fiches de lecture<\/a><\/li><li class='ez-toc-page-1 ez-toc-heading-level-3'><a class=\"ez-toc-link ez-toc-heading-2\" href=\"https:\/\/fichesetresumesdelivres.com\/index.php\/fiches-de-lecture-et-pack-premium\/#Le_Pack_Premium\" >Le Pack Premium<\/a><\/li><\/ul><\/nav><\/div>\n<h3><span class=\"ez-toc-section\" id=\"Acceder_aux_fiches_de_lecture\"><\/span><strong>Acc\u00e9der aux fiches de lecture<\/strong><span class=\"ez-toc-section-end\"><\/span><\/h3>\n<p><img decoding=\"async\" class=\"alignnone  wp-image-1283 lazyload\" data-src=\"https:\/\/fichesetresumesdelivres.com\/wp-content\/uploads\/2025\/10\/P04-Resumes-de-livres-Fiches-de-lecture-300x169.jpg\" alt=\"\" width=\"1044\" height=\"588\" data-srcset=\"https:\/\/fichesetresumesdelivres.com\/wp-content\/uploads\/2025\/10\/P04-Resumes-de-livres-Fiches-de-lecture-300x169.jpg 300w, https:\/\/fichesetresumesdelivres.com\/wp-content\/uploads\/2025\/10\/P04-Resumes-de-livres-Fiches-de-lecture-1024x576.jpg 1024w, https:\/\/fichesetresumesdelivres.com\/wp-content\/uploads\/2025\/10\/P04-Resumes-de-livres-Fiches-de-lecture-768x432.jpg 768w, https:\/\/fichesetresumesdelivres.com\/wp-content\/uploads\/2025\/10\/P04-Resumes-de-livres-Fiches-de-lecture-1536x864.jpg 1536w, https:\/\/fichesetresumesdelivres.com\/wp-content\/uploads\/2025\/10\/P04-Resumes-de-livres-Fiches-de-lecture.jpg 1920w\" data-sizes=\"(max-width: 706px) 89vw, (max-width: 767px) 82vw, 740px\" src=\"data:image\/svg+xml;base64,PHN2ZyB3aWR0aD0iMSIgaGVpZ2h0PSIxIiB4bWxucz0iaHR0cDovL3d3dy53My5vcmcvMjAwMC9zdmciPjwvc3ZnPg==\" style=\"--smush-placeholder-width: 1044px; --smush-placeholder-aspect-ratio: 1044\/588;\" \/><\/p>\n<p><span style=\"font-weight: 400;\">Des fiches de synth\u00e8se t\u00e9l\u00e9chargeables accompagnent chaque r\u00e9sum\u00e9 de livre de sorte \u00e0 pr\u00e9senter en un coup d&rsquo;\u0153il les principales informations. Une newsletter gratuite vous informe \u00e0 chaque nouvelle parution d\u2019un nouveau contenu.<\/span><\/p>\n<p style=\"text-align: center;\"><a class=\"btn btn-primary btn-lg\" title=\"D\u00e9couvrir le projet\" href=\"https:\/\/misterfanjo.podia.com\/p04-resumes-de-livres-fiches-de-lecture\" target=\"_blank\" rel=\"noopener\" data-slimstat=\"5\"><span style=\"font-weight: 400;\">Acc\u00e9der au fiches de lecture<\/span><\/a><\/p>\n<h3><span class=\"ez-toc-section\" id=\"Le_Pack_Premium\"><\/span><strong>Le Pack Premium<\/strong><span class=\"ez-toc-section-end\"><\/span><\/h3>\n<p><img decoding=\"async\" class=\"alignnone  wp-image-1284 lazyload\" data-src=\"https:\/\/fichesetresumesdelivres.com\/wp-content\/uploads\/2025\/10\/P04-Resumes-de-livres-Pack-Premium-300x169.jpg\" alt=\"\" width=\"1047\" height=\"590\" data-srcset=\"https:\/\/fichesetresumesdelivres.com\/wp-content\/uploads\/2025\/10\/P04-Resumes-de-livres-Pack-Premium-300x169.jpg 300w, https:\/\/fichesetresumesdelivres.com\/wp-content\/uploads\/2025\/10\/P04-Resumes-de-livres-Pack-Premium-1024x576.jpg 1024w, https:\/\/fichesetresumesdelivres.com\/wp-content\/uploads\/2025\/10\/P04-Resumes-de-livres-Pack-Premium-768x432.jpg 768w, https:\/\/fichesetresumesdelivres.com\/wp-content\/uploads\/2025\/10\/P04-Resumes-de-livres-Pack-Premium-1536x864.jpg 1536w, https:\/\/fichesetresumesdelivres.com\/wp-content\/uploads\/2025\/10\/P04-Resumes-de-livres-Pack-Premium.jpg 1920w\" data-sizes=\"(max-width: 706px) 89vw, (max-width: 767px) 82vw, 740px\" src=\"data:image\/svg+xml;base64,PHN2ZyB3aWR0aD0iMSIgaGVpZ2h0PSIxIiB4bWxucz0iaHR0cDovL3d3dy53My5vcmcvMjAwMC9zdmciPjwvc3ZnPg==\" style=\"--smush-placeholder-width: 1047px; --smush-placeholder-aspect-ratio: 1047\/590;\" \/><\/p>\n<p style=\"text-align: center;\"><a class=\"btn btn-primary btn-lg\" title=\"D\u00e9couvrir le projet\" href=\"https:\/\/misterfanjo.podia.com\/p04-resumes-de-livres-pack-premium\" target=\"_blank\" rel=\"noopener\" data-slimstat=\"5\">D\u00e9couvrir le\u00a0Pack Premium<\/a><\/p>\n<p>Pour gagner encore plus de temps, un pack premium vous offre des avantages exclusifs :<\/p>\n<ul>\n<li style=\"list-style-type: none;\">\n<ul>\n<li aria-level=\"4\">Acc\u00e9dez \u00e0 un fichier r\u00e9capitulatif condensant les 100 habitudes essentielles inspir\u00e9es des meilleurs livres de d\u00e9veloppement personnel.<\/li>\n<li aria-level=\"4\">Consultez des dossiers th\u00e9matiques qui r\u00e9sument les grands principes dans les domaines essentiels :\n<ul>\n<li aria-level=\"5\">la r\u00e9ussite financi\u00e8re pour d\u00e9velopper son ind\u00e9pendance<\/li>\n<li aria-level=\"5\">la sant\u00e9 et le bien-\u00eatre pour maximiser son \u00e9nergie physique et mentale<\/li>\n<li aria-level=\"5\">Les relations pour am\u00e9liorer ses comp\u00e9tences sociales<\/li>\n<li aria-level=\"5\">La gestion du temps pour passer \u00e0 l\u2019action efficacement<\/li>\n<li aria-level=\"5\">L\u2019entrepreneuriat pour d\u00e9velopper son propre projet et vivre de sa passion.<\/li>\n<li aria-level=\"5\">Le mindset &amp; Leadership qui regroupe les principes et habitudes qui ont un impact dans la plupart des domaines<\/li>\n<\/ul>\n<\/li>\n<li aria-level=\"4\">B\u00e9n\u00e9ficiez d\u2019une exp\u00e9rience sans publicit\u00e9 et interagissez directement en posant vos questions depuis votre espace membre<\/li>\n<li aria-level=\"4\">Recevez en bonus une pr\u00e9sentation de mon propre syst\u00e8me d\u2019habitudes avec les 48 meilleures pratiques qui le composent.<\/li>\n<\/ul>\n<\/li>\n<\/ul>\n<p style=\"text-align: center;\"><a class=\"btn btn-primary btn-lg\" title=\"D\u00e9couvrir le projet\" href=\"https:\/\/misterfanjo.podia.com\/p04-resumes-de-livres-pack-premium\" target=\"_blank\" rel=\"noopener\" data-slimstat=\"5\">D\u00e9couvrir le\u00a0Pack Premium<\/a><\/p>\n<p><span style=\"font-weight: 400;\">Bref, l\u2019objectif est simple : vous faire \u00e9conomiser des milliers d\u2019heures de lecture en vous aidant \u00e0 int\u00e9grer facilement les principes des ouvrages les plus influents du d\u00e9veloppement personnel.\u00a0<\/span><\/p>\n","protected":false},"excerpt":{"rendered":"<p>Que vous soyez d\u00e9sireux d\u2019optimiser votre temps, votre sant\u00e9, vos relations ou vos finances, les Fiches de lecture et le Pack Premium vous offrent l\u2019essentiel des meilleurs livres en un format clair, pratique et directement applicable. Acc\u00e9der aux fiches de lecture Des fiches de synth\u00e8se t\u00e9l\u00e9chargeables accompagnent chaque r\u00e9sum\u00e9 de livre de sorte \u00e0 pr\u00e9senter en un coup d&rsquo;\u0153il les principales informations. Une newsletter gratuite vous informe \u00e0 chaque nouvelle parution d\u2019un nouveau contenu. Acc\u00e9der au fiches de lecture Le Pack Premium D\u00e9couvrir le\u00a0Pack Premium Pour gagner encore plus de temps, un pack premium vous offre des avantages exclusifs : Acc\u00e9dez \u00e0 un fichier r\u00e9capitulatif condensant les 100 habitudes essentielles inspir\u00e9es des meilleurs livres de d\u00e9veloppement personnel. Consultez des dossiers th\u00e9matiques qui r\u00e9sument les grands principes dans les domaines essentiels : la r\u00e9ussite financi\u00e8re pour d\u00e9velopper son ind\u00e9pendance la sant\u00e9 et le bien-\u00eatre pour maximiser son \u00e9nergie physique et mentale Les relations pour am\u00e9liorer ses comp\u00e9tences sociales La gestion du temps pour passer \u00e0 l\u2019action efficacement L\u2019entrepreneuriat pour d\u00e9velopper son propre projet et vivre de sa passion. Le mindset &amp; Leadership qui regroupe les principes et habitudes qui ont un impact dans la plupart des domaines B\u00e9n\u00e9ficiez d\u2019une exp\u00e9rience sans publicit\u00e9 et interagissez directement en posant vos questions depuis votre espace membre Recevez en bonus une pr\u00e9sentation de mon propre syst\u00e8me d\u2019habitudes avec les 48 meilleures pratiques qui le composent. D\u00e9couvrir le\u00a0Pack Premium Bref, l\u2019objectif est simple : vous faire \u00e9conomiser des milliers d\u2019heures de lecture en vous aidant \u00e0 int\u00e9grer facilement les principes des ouvrages les plus influents du d\u00e9veloppement personnel.\u00a0<\/p>\n","protected":false},"author":1,"featured_media":0,"parent":0,"menu_order":0,"comment_status":"closed","ping_status":"closed","template":"","meta":{"footnotes":""},"class_list":["post-1212","page","type-page","status-publish","hentry"],"yoast_head":"<!-- This site is optimized with the Yoast SEO plugin v27.4 - https:\/\/yoast.com\/product\/yoast-seo-wordpress\/ -->\n<title>Fiches de lecture et Pack Premium - R\u00e9sum\u00e9s de livres<\/title>\n<meta name=\"description\" content=\"\u27bd Les fiches de lecture et Pack Premium ont pour but de vous faire d\u00e9couvrir l\u2019essentiel des meilleurs livres \u201cpratiques\u201d.\u2705\" \/>\n<meta name=\"robots\" content=\"index, follow, max-snippet:-1, max-image-preview:large, max-video-preview:-1\" \/>\n<link rel=\"canonical\" href=\"https:\/\/fichesetresumesdelivres.com\/index.php\/fiches-de-lecture-et-pack-premium\/\" \/>\n<meta property=\"og:locale\" content=\"fr_FR\" \/>\n<meta property=\"og:type\" content=\"article\" \/>\n<meta property=\"og:title\" content=\"Fiches de lecture et Pack Premium - R\u00e9sum\u00e9s de livres\" \/>\n<meta property=\"og:description\" content=\"\u27bd Les fiches de lecture et Pack Premium ont pour but de vous faire d\u00e9couvrir l\u2019essentiel des meilleurs livres \u201cpratiques\u201d.\u2705\" \/>\n<meta property=\"og:url\" content=\"https:\/\/fichesetresumesdelivres.com\/index.php\/fiches-de-lecture-et-pack-premium\/\" \/>\n<meta property=\"og:site_name\" content=\"R\u00e9sum\u00e9s de livres\" \/>\n<meta property=\"article:modified_time\" content=\"2025-10-29T13:07:40+00:00\" \/>\n<meta property=\"og:image\" content=\"https:\/\/fichesetresumesdelivres.com\/wp-content\/uploads\/2025\/10\/P04-Resumes-de-livres-Comparatif-des-offres.jpg\" \/>\n\t<meta property=\"og:image:width\" content=\"1920\" \/>\n\t<meta property=\"og:image:height\" content=\"1080\" \/>\n\t<meta property=\"og:image:type\" content=\"image\/jpeg\" \/>\n<meta name=\"twitter:card\" content=\"summary_large_image\" \/>\n<meta name=\"twitter:site\" content=\"@misterfanjo\" \/>\n<meta name=\"twitter:label1\" content=\"Dur\u00e9e de lecture estim\u00e9e\" \/>\n\t<meta name=\"twitter:data1\" content=\"2 minutes\" \/>\n<script type=\"application\/ld+json\" class=\"yoast-schema-graph\">{\"@context\":\"https:\\\/\\\/schema.org\",\"@graph\":[{\"@type\":\"WebPage\",\"@id\":\"https:\\\/\\\/fichesetresumesdelivres.com\\\/index.php\\\/fiches-de-lecture-et-pack-premium\\\/\",\"url\":\"https:\\\/\\\/fichesetresumesdelivres.com\\\/index.php\\\/fiches-de-lecture-et-pack-premium\\\/\",\"name\":\"Fiches de lecture et Pack Premium - R\u00e9sum\u00e9s de livres\",\"isPartOf\":{\"@id\":\"https:\\\/\\\/fichesetresumesdelivres.com\\\/#website\"},\"primaryImageOfPage\":{\"@id\":\"https:\\\/\\\/fichesetresumesdelivres.com\\\/index.php\\\/fiches-de-lecture-et-pack-premium\\\/#primaryimage\"},\"image\":{\"@id\":\"https:\\\/\\\/fichesetresumesdelivres.com\\\/index.php\\\/fiches-de-lecture-et-pack-premium\\\/#primaryimage\"},\"thumbnailUrl\":\"https:\\\/\\\/fichesetresumesdelivres.com\\\/wp-content\\\/uploads\\\/2025\\\/10\\\/P04-Resumes-de-livres-Comparatif-des-offres-300x169.jpg\",\"datePublished\":\"2025-04-09T06:44:49+00:00\",\"dateModified\":\"2025-10-29T13:07:40+00:00\",\"description\":\"\u27bd Les fiches de lecture et Pack Premium ont pour but de vous faire d\u00e9couvrir l\u2019essentiel des meilleurs livres \u201cpratiques\u201d.\u2705\",\"breadcrumb\":{\"@id\":\"https:\\\/\\\/fichesetresumesdelivres.com\\\/index.php\\\/fiches-de-lecture-et-pack-premium\\\/#breadcrumb\"},\"inLanguage\":\"fr-FR\",\"potentialAction\":[{\"@type\":\"ReadAction\",\"target\":[\"https:\\\/\\\/fichesetresumesdelivres.com\\\/index.php\\\/fiches-de-lecture-et-pack-premium\\\/\"]}]},{\"@type\":\"ImageObject\",\"inLanguage\":\"fr-FR\",\"@id\":\"https:\\\/\\\/fichesetresumesdelivres.com\\\/index.php\\\/fiches-de-lecture-et-pack-premium\\\/#primaryimage\",\"url\":\"https:\\\/\\\/fichesetresumesdelivres.com\\\/wp-content\\\/uploads\\\/2025\\\/10\\\/P04-Resumes-de-livres-Comparatif-des-offres.jpg\",\"contentUrl\":\"https:\\\/\\\/fichesetresumesdelivres.com\\\/wp-content\\\/uploads\\\/2025\\\/10\\\/P04-Resumes-de-livres-Comparatif-des-offres.jpg\",\"width\":1920,\"height\":1080},{\"@type\":\"BreadcrumbList\",\"@id\":\"https:\\\/\\\/fichesetresumesdelivres.com\\\/index.php\\\/fiches-de-lecture-et-pack-premium\\\/#breadcrumb\",\"itemListElement\":[{\"@type\":\"ListItem\",\"position\":1,\"name\":\"Accueil\",\"item\":\"https:\\\/\\\/fichesetresumesdelivres.com\\\/\"},{\"@type\":\"ListItem\",\"position\":2,\"name\":\"Fiches de lecture et Pack Premium\"}]},{\"@type\":\"WebSite\",\"@id\":\"https:\\\/\\\/fichesetresumesdelivres.com\\\/#website\",\"url\":\"https:\\\/\\\/fichesetresumesdelivres.com\\\/\",\"name\":\"R\u00e9sum\u00e9s de livres\",\"description\":\"L\u2019essentiel des meilleurs livres \u201cpratiques\u201d (r\u00e9sum\u00e9s et fiches de lecture)\",\"publisher\":{\"@id\":\"https:\\\/\\\/fichesetresumesdelivres.com\\\/#organization\"},\"potentialAction\":[{\"@type\":\"SearchAction\",\"target\":{\"@type\":\"EntryPoint\",\"urlTemplate\":\"https:\\\/\\\/fichesetresumesdelivres.com\\\/?s={search_term_string}\"},\"query-input\":{\"@type\":\"PropertyValueSpecification\",\"valueRequired\":true,\"valueName\":\"search_term_string\"}}],\"inLanguage\":\"fr-FR\"},{\"@type\":\"Organization\",\"@id\":\"https:\\\/\\\/fichesetresumesdelivres.com\\\/#organization\",\"name\":\"Mister Fanjo\",\"url\":\"https:\\\/\\\/fichesetresumesdelivres.com\\\/\",\"logo\":{\"@type\":\"ImageObject\",\"inLanguage\":\"fr-FR\",\"@id\":\"https:\\\/\\\/fichesetresumesdelivres.com\\\/#\\\/schema\\\/logo\\\/image\\\/\",\"url\":\"https:\\\/\\\/fichesetresumesdelivres.com\\\/wp-content\\\/uploads\\\/2024\\\/11\\\/cropped-Photo-profil-512x512-2-1.png\",\"contentUrl\":\"https:\\\/\\\/fichesetresumesdelivres.com\\\/wp-content\\\/uploads\\\/2024\\\/11\\\/cropped-Photo-profil-512x512-2-1.png\",\"width\":250,\"height\":250,\"caption\":\"Mister Fanjo\"},\"image\":{\"@id\":\"https:\\\/\\\/fichesetresumesdelivres.com\\\/#\\\/schema\\\/logo\\\/image\\\/\"},\"sameAs\":[\"https:\\\/\\\/x.com\\\/misterfanjo\",\"https:\\\/\\\/instagram.com\\\/misterfanjo\",\"https:\\\/\\\/fr.linkedin.com\\\/in\\\/mister-fanjo-92b22321a\",\"https:\\\/\\\/www.youtube.com\\\/@misterfanjo\",\"https:\\\/\\\/open.spotify.com\\\/show\\\/3LkFCpj56P2NafeKO4yHyu?si=e68e989d9bd846b1&nd=1&dlsi=5f076fbde9d043f5\"]}]}<\/script>\n<!-- \/ Yoast SEO plugin. -->","yoast_head_json":{"title":"Fiches de lecture et Pack Premium - R\u00e9sum\u00e9s de livres","description":"\u27bd Les fiches de lecture et Pack Premium ont pour but de vous faire d\u00e9couvrir l\u2019essentiel des meilleurs livres \u201cpratiques\u201d.\u2705","robots":{"index":"index","follow":"follow","max-snippet":"max-snippet:-1","max-image-preview":"max-image-preview:large","max-video-preview":"max-video-preview:-1"},"canonical":"https:\/\/fichesetresumesdelivres.com\/index.php\/fiches-de-lecture-et-pack-premium\/","og_locale":"fr_FR","og_type":"article","og_title":"Fiches de lecture et Pack Premium - R\u00e9sum\u00e9s de livres","og_description":"\u27bd Les fiches de lecture et Pack Premium ont pour but de vous faire d\u00e9couvrir l\u2019essentiel des meilleurs livres \u201cpratiques\u201d.\u2705","og_url":"https:\/\/fichesetresumesdelivres.com\/index.php\/fiches-de-lecture-et-pack-premium\/","og_site_name":"R\u00e9sum\u00e9s de livres","article_modified_time":"2025-10-29T13:07:40+00:00","og_image":[{"width":1920,"height":1080,"url":"https:\/\/fichesetresumesdelivres.com\/wp-content\/uploads\/2025\/10\/P04-Resumes-de-livres-Comparatif-des-offres.jpg","type":"image\/jpeg"}],"twitter_card":"summary_large_image","twitter_site":"@misterfanjo","twitter_misc":{"Dur\u00e9e de lecture estim\u00e9e":"2 minutes"},"schema":{"@context":"https:\/\/schema.org","@graph":[{"@type":"WebPage","@id":"https:\/\/fichesetresumesdelivres.com\/index.php\/fiches-de-lecture-et-pack-premium\/","url":"https:\/\/fichesetresumesdelivres.com\/index.php\/fiches-de-lecture-et-pack-premium\/","name":"Fiches de lecture et Pack Premium - R\u00e9sum\u00e9s de livres","isPartOf":{"@id":"https:\/\/fichesetresumesdelivres.com\/#website"},"primaryImageOfPage":{"@id":"https:\/\/fichesetresumesdelivres.com\/index.php\/fiches-de-lecture-et-pack-premium\/#primaryimage"},"image":{"@id":"https:\/\/fichesetresumesdelivres.com\/index.php\/fiches-de-lecture-et-pack-premium\/#primaryimage"},"thumbnailUrl":"https:\/\/fichesetresumesdelivres.com\/wp-content\/uploads\/2025\/10\/P04-Resumes-de-livres-Comparatif-des-offres-300x169.jpg","datePublished":"2025-04-09T06:44:49+00:00","dateModified":"2025-10-29T13:07:40+00:00","description":"\u27bd Les fiches de lecture et Pack Premium ont pour but de vous faire d\u00e9couvrir l\u2019essentiel des meilleurs livres \u201cpratiques\u201d.\u2705","breadcrumb":{"@id":"https:\/\/fichesetresumesdelivres.com\/index.php\/fiches-de-lecture-et-pack-premium\/#breadcrumb"},"inLanguage":"fr-FR","potentialAction":[{"@type":"ReadAction","target":["https:\/\/fichesetresumesdelivres.com\/index.php\/fiches-de-lecture-et-pack-premium\/"]}]},{"@type":"ImageObject","inLanguage":"fr-FR","@id":"https:\/\/fichesetresumesdelivres.com\/index.php\/fiches-de-lecture-et-pack-premium\/#primaryimage","url":"https:\/\/fichesetresumesdelivres.com\/wp-content\/uploads\/2025\/10\/P04-Resumes-de-livres-Comparatif-des-offres.jpg","contentUrl":"https:\/\/fichesetresumesdelivres.com\/wp-content\/uploads\/2025\/10\/P04-Resumes-de-livres-Comparatif-des-offres.jpg","width":1920,"height":1080},{"@type":"BreadcrumbList","@id":"https:\/\/fichesetresumesdelivres.com\/index.php\/fiches-de-lecture-et-pack-premium\/#breadcrumb","itemListElement":[{"@type":"ListItem","position":1,"name":"Accueil","item":"https:\/\/fichesetresumesdelivres.com\/"},{"@type":"ListItem","position":2,"name":"Fiches de lecture et Pack Premium"}]},{"@type":"WebSite","@id":"https:\/\/fichesetresumesdelivres.com\/#website","url":"https:\/\/fichesetresumesdelivres.com\/","name":"R\u00e9sum\u00e9s de livres","description":"L\u2019essentiel des meilleurs livres \u201cpratiques\u201d (r\u00e9sum\u00e9s et fiches de lecture)","publisher":{"@id":"https:\/\/fichesetresumesdelivres.com\/#organization"},"potentialAction":[{"@type":"SearchAction","target":{"@type":"EntryPoint","urlTemplate":"https:\/\/fichesetresumesdelivres.com\/?s={search_term_string}"},"query-input":{"@type":"PropertyValueSpecification","valueRequired":true,"valueName":"search_term_string"}}],"inLanguage":"fr-FR"},{"@type":"Organization","@id":"https:\/\/fichesetresumesdelivres.com\/#organization","name":"Mister Fanjo","url":"https:\/\/fichesetresumesdelivres.com\/","logo":{"@type":"ImageObject","inLanguage":"fr-FR","@id":"https:\/\/fichesetresumesdelivres.com\/#\/schema\/logo\/image\/","url":"https:\/\/fichesetresumesdelivres.com\/wp-content\/uploads\/2024\/11\/cropped-Photo-profil-512x512-2-1.png","contentUrl":"https:\/\/fichesetresumesdelivres.com\/wp-content\/uploads\/2024\/11\/cropped-Photo-profil-512x512-2-1.png","width":250,"height":250,"caption":"Mister Fanjo"},"image":{"@id":"https:\/\/fichesetresumesdelivres.com\/#\/schema\/logo\/image\/"},"sameAs":["https:\/\/x.com\/misterfanjo","https:\/\/instagram.com\/misterfanjo","https:\/\/fr.linkedin.com\/in\/mister-fanjo-92b22321a","https:\/\/www.youtube.com\/@misterfanjo","https:\/\/open.spotify.com\/show\/3LkFCpj56P2NafeKO4yHyu?si=e68e989d9bd846b1&nd=1&dlsi=5f076fbde9d043f5"]}]}},"_links":{"self":[{"href":"https:\/\/fichesetresumesdelivres.com\/index.php\/wp-json\/wp\/v2\/pages\/1212","targetHints":{"allow":["GET"]}}],"collection":[{"href":"https:\/\/fichesetresumesdelivres.com\/index.php\/wp-json\/wp\/v2\/pages"}],"about":[{"href":"https:\/\/fichesetresumesdelivres.com\/index.php\/wp-json\/wp\/v2\/types\/page"}],"author":[{"embeddable":true,"href":"https:\/\/fichesetresumesdelivres.com\/index.php\/wp-json\/wp\/v2\/users\/1"}],"replies":[{"embeddable":true,"href":"https:\/\/fichesetresumesdelivres.com\/index.php\/wp-json\/wp\/v2\/comments?post=1212"}],"version-history":[{"count":6,"href":"https:\/\/fichesetresumesdelivres.com\/index.php\/wp-json\/wp\/v2\/pages\/1212\/revisions"}],"predecessor-version":[{"id":1287,"href":"https:\/\/fichesetresumesdelivres.com\/index.php\/wp-json\/wp\/v2\/pages\/1212\/revisions\/1287"}],"wp:attachment":[{"href":"https:\/\/fichesetresumesdelivres.com\/index.php\/wp-json\/wp\/v2\/media?parent=1212"}],"curies":[{"name":"wp","href":"https:\/\/api.w.org\/{rel}","templated":true}]}}