{"id":26,"date":"2024-11-17T07:50:19","date_gmt":"2024-11-17T06:50:19","guid":{"rendered":"https:\/\/fichesetresumesdelivres.com\/?page_id=26"},"modified":"2025-11-05T09:45:34","modified_gmt":"2025-11-05T08:45:34","slug":"les-resumes-de-livres","status":"publish","type":"page","link":"https:\/\/fichesetresumesdelivres.com\/","title":{"rendered":"Les r\u00e9sum\u00e9s de livres"},"content":{"rendered":"<header class=\"entry-header\"><img fetchpriority=\"high\" decoding=\"async\" class=\"alignnone wp-image-5615 lazyloaded\" style=\"font-size: 1rem;\" src=\"https:\/\/misterfanjo.com\/wp-content\/uploads\/2024\/11\/RS-Illustration-16x9-Monetisation-du-projet-P04-1-1024x576.jpg\" sizes=\"(max-width: 767px) 89vw, (max-width: 1000px) 54vw, (max-width: 1071px) 543px, 580px\" srcset=\"https:\/\/misterfanjo.com\/wp-content\/uploads\/2024\/11\/RS-Illustration-16x9-Monetisation-du-projet-P04-1-1024x576.jpg 1024w, https:\/\/misterfanjo.com\/wp-content\/uploads\/2024\/11\/RS-Illustration-16x9-Monetisation-du-projet-P04-1-300x169.jpg 300w, https:\/\/misterfanjo.com\/wp-content\/uploads\/2024\/11\/RS-Illustration-16x9-Monetisation-du-projet-P04-1-768x432.jpg 768w, https:\/\/misterfanjo.com\/wp-content\/uploads\/2024\/11\/RS-Illustration-16x9-Monetisation-du-projet-P04-1-350x197.jpg 350w, https:\/\/misterfanjo.com\/wp-content\/uploads\/2024\/11\/RS-Illustration-16x9-Monetisation-du-projet-P04-1.jpg 1280w\" alt=\"\" width=\"863\" height=\"485\" data-src=\"https:\/\/misterfanjo.com\/wp-content\/uploads\/2024\/11\/RS-Illustration-16x9-Monetisation-du-projet-P04-1-1024x576.jpg\" data-srcset=\"https:\/\/misterfanjo.com\/wp-content\/uploads\/2024\/11\/RS-Illustration-16x9-Monetisation-du-projet-P04-1-1024x576.jpg 1024w, https:\/\/misterfanjo.com\/wp-content\/uploads\/2024\/11\/RS-Illustration-16x9-Monetisation-du-projet-P04-1-300x169.jpg 300w, https:\/\/misterfanjo.com\/wp-content\/uploads\/2024\/11\/RS-Illustration-16x9-Monetisation-du-projet-P04-1-768x432.jpg 768w, https:\/\/misterfanjo.com\/wp-content\/uploads\/2024\/11\/RS-Illustration-16x9-Monetisation-du-projet-P04-1-350x197.jpg 350w, https:\/\/misterfanjo.com\/wp-content\/uploads\/2024\/11\/RS-Illustration-16x9-Monetisation-du-projet-P04-1.jpg 1280w\" data-sizes=\"(max-width: 767px) 89vw, (max-width: 1000px) 54vw, (max-width: 1071px) 543px, 580px\" \/><span style=\"font-size: 1rem;\">Gagnez du temps gr\u00e2ce \u00e0 des r\u00e9sum\u00e9s de livres et d\u00e9couvrez l\u2019essentiel des meilleurs des ouvrages les plus influents du d\u00e9veloppement personnel.<\/span><\/header>\n<header><\/header>\n<div class=\"entry-content\">\n<div id=\"ez-toc-container\" class=\"ez-toc-v2_0_69_1 counter-hierarchy ez-toc-counter ez-toc-grey ez-toc-container-direction\">\n<h2 class=\"ez-toc-title-container\"><span class=\"ez-toc-section\" id=\"Quelques_mots_sur_le_projet\"><\/span><strong>Quelques mots sur le projet<\/strong><span class=\"ez-toc-section-end\"><\/span><\/h2>\n<div>https:\/\/youtu.be\/DIw1-h-_cuo?si=PrDl3wJQW4hnaSdK<\/div>\n<div style=\"text-align: center;\"><a class=\"btn btn-primary btn-lg\" title=\"D\u00e9couvrir le projet\" href=\"https:\/\/fichesetresumesdelivres.com\/index.php\/infos-generales\/presentation-du-projet\/\" target=\"_blank\" rel=\"noopener\" data-slimstat=\"5\">En savoir plus<\/a><\/div>\n<h2><span class=\"ez-toc-section\" id=\"Liste_des_resumes_classes_par_ordre_alphabetique\"><\/span><strong>Liste des r\u00e9sum\u00e9s class\u00e9s par ordre alphab\u00e9tique<\/strong><span class=\"ez-toc-section-end\"><\/span><\/h2>\n<p><img decoding=\"async\" class=\"wp-image-75 aligncenter lazyload\" data-src=\"https:\/\/fichesetresumesdelivres.com\/wp-content\/uploads\/2024\/11\/P04-Illustration-Liste-des-livres-300x169.jpg\" alt=\"\" width=\"783\" height=\"441\" data-srcset=\"https:\/\/fichesetresumesdelivres.com\/wp-content\/uploads\/2024\/11\/P04-Illustration-Liste-des-livres-300x169.jpg 300w, https:\/\/fichesetresumesdelivres.com\/wp-content\/uploads\/2024\/11\/P04-Illustration-Liste-des-livres-1024x576.jpg 1024w, https:\/\/fichesetresumesdelivres.com\/wp-content\/uploads\/2024\/11\/P04-Illustration-Liste-des-livres-768x432.jpg 768w, https:\/\/fichesetresumesdelivres.com\/wp-content\/uploads\/2024\/11\/P04-Illustration-Liste-des-livres-1536x864.jpg 1536w, https:\/\/fichesetresumesdelivres.com\/wp-content\/uploads\/2024\/11\/P04-Illustration-Liste-des-livres.jpg 1920w\" data-sizes=\"(max-width: 706px) 89vw, (max-width: 767px) 82vw, 740px\" src=\"data:image\/svg+xml;base64,PHN2ZyB3aWR0aD0iMSIgaGVpZ2h0PSIxIiB4bWxucz0iaHR0cDovL3d3dy53My5vcmcvMjAwMC9zdmciPjwvc3ZnPg==\" style=\"--smush-placeholder-width: 783px; --smush-placeholder-aspect-ratio: 783\/441;\" \/><\/p>\n<p style=\"text-align: center;\"><a class=\"btn btn-primary btn-lg\" title=\"D\u00e9couvrir le projet\" href=\"https:\/\/fichesetresumesdelivres.com\/index.php\/liste-des-resumes-de-a-a-z\/\" target=\"_blank\" rel=\"noopener\" data-slimstat=\"5\">Consulter la liste<\/a><\/p>\n<h2><span class=\"ez-toc-section\" id=\"Liste_des_resumes_classes_par_categorie\"><\/span><strong>Liste des r\u00e9sum\u00e9s class\u00e9s par cat\u00e9gorie<\/strong><span class=\"ez-toc-section-end\"><\/span><\/h2>\n<p><img decoding=\"async\" class=\"alignnone wp-image-79 lazyload\" data-src=\"https:\/\/fichesetresumesdelivres.com\/wp-content\/uploads\/2024\/11\/P04-Illustration-resumes-par-categorie-300x169.jpg\" alt=\"\" width=\"1037\" height=\"584\" data-srcset=\"https:\/\/fichesetresumesdelivres.com\/wp-content\/uploads\/2024\/11\/P04-Illustration-resumes-par-categorie-300x169.jpg 300w, https:\/\/fichesetresumesdelivres.com\/wp-content\/uploads\/2024\/11\/P04-Illustration-resumes-par-categorie-1024x576.jpg 1024w, https:\/\/fichesetresumesdelivres.com\/wp-content\/uploads\/2024\/11\/P04-Illustration-resumes-par-categorie-768x432.jpg 768w, https:\/\/fichesetresumesdelivres.com\/wp-content\/uploads\/2024\/11\/P04-Illustration-resumes-par-categorie-1536x864.jpg 1536w, https:\/\/fichesetresumesdelivres.com\/wp-content\/uploads\/2024\/11\/P04-Illustration-resumes-par-categorie.jpg 1920w\" data-sizes=\"(max-width: 706px) 89vw, (max-width: 767px) 82vw, 740px\" src=\"data:image\/svg+xml;base64,PHN2ZyB3aWR0aD0iMSIgaGVpZ2h0PSIxIiB4bWxucz0iaHR0cDovL3d3dy53My5vcmcvMjAwMC9zdmciPjwvc3ZnPg==\" style=\"--smush-placeholder-width: 1037px; --smush-placeholder-aspect-ratio: 1037\/584;\" \/><\/p>\n<p style=\"text-align: center;\"><a class=\"btn btn-primary btn-lg\" title=\"D\u00e9couvrir le projet\" href=\"https:\/\/fichesetresumesdelivres.com\/index.php\/les-resumes-classes-par-categorie\/\" target=\"_blank\" rel=\"noopener\" data-slimstat=\"5\">Consulter les cat\u00e9gories<\/a><\/p>\n<div>\n<h2><span class=\"ez-toc-section\" id=\"Fiches_de_lecture_Pack_Premium\"><\/span><strong>Fiches de lecture &amp; Pack Premium<\/strong><span class=\"ez-toc-section-end\"><\/span><\/h2>\n<p><img decoding=\"async\" class=\"alignnone wp-image-1281 lazyload\" data-src=\"https:\/\/fichesetresumesdelivres.com\/wp-content\/uploads\/2025\/10\/P04-Resumes-de-livres-Comparatif-des-offres-300x169.jpg\" alt=\"\" width=\"813\" height=\"458\" data-srcset=\"https:\/\/fichesetresumesdelivres.com\/wp-content\/uploads\/2025\/10\/P04-Resumes-de-livres-Comparatif-des-offres-300x169.jpg 300w, https:\/\/fichesetresumesdelivres.com\/wp-content\/uploads\/2025\/10\/P04-Resumes-de-livres-Comparatif-des-offres-1024x576.jpg 1024w, https:\/\/fichesetresumesdelivres.com\/wp-content\/uploads\/2025\/10\/P04-Resumes-de-livres-Comparatif-des-offres-768x432.jpg 768w, https:\/\/fichesetresumesdelivres.com\/wp-content\/uploads\/2025\/10\/P04-Resumes-de-livres-Comparatif-des-offres-1536x864.jpg 1536w, https:\/\/fichesetresumesdelivres.com\/wp-content\/uploads\/2025\/10\/P04-Resumes-de-livres-Comparatif-des-offres.jpg 1920w\" data-sizes=\"(max-width: 706px) 89vw, (max-width: 767px) 82vw, 740px\" src=\"data:image\/svg+xml;base64,PHN2ZyB3aWR0aD0iMSIgaGVpZ2h0PSIxIiB4bWxucz0iaHR0cDovL3d3dy53My5vcmcvMjAwMC9zdmciPjwvc3ZnPg==\" style=\"--smush-placeholder-width: 813px; --smush-placeholder-aspect-ratio: 813\/458;\" \/><\/p>\n<p style=\"text-align: center;\"><a class=\"btn btn-primary btn-lg\" title=\"D\u00e9couvrir le projet\" href=\"https:\/\/fichesetresumesdelivres.com\/index.php\/fiches-de-lecture-et-pack-premium\/\" target=\"_blank\" rel=\"noopener\" data-slimstat=\"5\">En savoir plus<\/a><\/p>\n<\/div>\n<nav><\/nav>\n<\/div>\n<\/div>\n","protected":false},"excerpt":{"rendered":"<p>Gagnez du temps gr\u00e2ce \u00e0 des r\u00e9sum\u00e9s de livres et d\u00e9couvrez l\u2019essentiel des meilleurs des ouvrages les plus influents du d\u00e9veloppement personnel. Quelques mots sur le projet https:\/\/youtu.be\/DIw1-h-_cuo?si=PrDl3wJQW4hnaSdK En savoir plus Liste des r\u00e9sum\u00e9s class\u00e9s par ordre alphab\u00e9tique Consulter la liste Liste des r\u00e9sum\u00e9s class\u00e9s par cat\u00e9gorie Consulter les cat\u00e9gories Fiches de lecture &amp; Pack Premium En savoir plus<\/p>\n","protected":false},"author":1,"featured_media":0,"parent":0,"menu_order":0,"comment_status":"closed","ping_status":"closed","template":"","meta":{"footnotes":""},"class_list":["post-26","page","type-page","status-publish","hentry"],"yoast_head":"<!-- This site is optimized with the Yoast SEO plugin v27.4 - https:\/\/yoast.com\/product\/yoast-seo-wordpress\/ -->\n<title>Les r\u00e9sum\u00e9s de livres - R\u00e9sum\u00e9s de livres<\/title>\n<meta name=\"description\" content=\"D\u00e9couvrez dans ces r\u00e9sum\u00e9s de livres : l\u2019essentiel des meilleurs livres \u201cpratiques\u201d \u27bd business, investissement, communication ...\u2705\" \/>\n<meta name=\"robots\" content=\"index, follow, max-snippet:-1, max-image-preview:large, max-video-preview:-1\" \/>\n<link rel=\"canonical\" href=\"https:\/\/fichesetresumesdelivres.com\/\" \/>\n<meta property=\"og:locale\" content=\"fr_FR\" \/>\n<meta property=\"og:type\" content=\"article\" \/>\n<meta property=\"og:title\" content=\"Les r\u00e9sum\u00e9s de livres - R\u00e9sum\u00e9s de livres\" \/>\n<meta property=\"og:description\" content=\"D\u00e9couvrez dans ces r\u00e9sum\u00e9s de livres : l\u2019essentiel des meilleurs livres \u201cpratiques\u201d \u27bd business, investissement, communication ...\u2705\" \/>\n<meta property=\"og:url\" content=\"https:\/\/fichesetresumesdelivres.com\/\" \/>\n<meta property=\"og:site_name\" content=\"R\u00e9sum\u00e9s de livres\" \/>\n<meta property=\"article:modified_time\" content=\"2025-11-05T08:45:34+00:00\" \/>\n<meta name=\"twitter:card\" content=\"summary_large_image\" \/>\n<meta name=\"twitter:site\" content=\"@misterfanjo\" \/>\n<meta name=\"twitter:label1\" content=\"Dur\u00e9e de lecture estim\u00e9e\" \/>\n\t<meta name=\"twitter:data1\" content=\"2 minutes\" \/>\n<script type=\"application\/ld+json\" class=\"yoast-schema-graph\">{\"@context\":\"https:\\\/\\\/schema.org\",\"@graph\":[{\"@type\":\"WebPage\",\"@id\":\"https:\\\/\\\/fichesetresumesdelivres.com\\\/\",\"url\":\"https:\\\/\\\/fichesetresumesdelivres.com\\\/\",\"name\":\"Les r\u00e9sum\u00e9s de livres - R\u00e9sum\u00e9s de livres\",\"isPartOf\":{\"@id\":\"https:\\\/\\\/fichesetresumesdelivres.com\\\/#website\"},\"primaryImageOfPage\":{\"@id\":\"https:\\\/\\\/fichesetresumesdelivres.com\\\/#primaryimage\"},\"image\":{\"@id\":\"https:\\\/\\\/fichesetresumesdelivres.com\\\/#primaryimage\"},\"thumbnailUrl\":\"https:\\\/\\\/misterfanjo.com\\\/wp-content\\\/uploads\\\/2024\\\/11\\\/RS-Illustration-16x9-Monetisation-du-projet-P04-1-1024x576.jpg\",\"datePublished\":\"2024-11-17T06:50:19+00:00\",\"dateModified\":\"2025-11-05T08:45:34+00:00\",\"description\":\"D\u00e9couvrez dans ces r\u00e9sum\u00e9s de livres : l\u2019essentiel des meilleurs livres \u201cpratiques\u201d \u27bd business, investissement, communication ...\u2705\",\"breadcrumb\":{\"@id\":\"https:\\\/\\\/fichesetresumesdelivres.com\\\/#breadcrumb\"},\"inLanguage\":\"fr-FR\",\"potentialAction\":[{\"@type\":\"ReadAction\",\"target\":[\"https:\\\/\\\/fichesetresumesdelivres.com\\\/\"]}]},{\"@type\":\"ImageObject\",\"inLanguage\":\"fr-FR\",\"@id\":\"https:\\\/\\\/fichesetresumesdelivres.com\\\/#primaryimage\",\"url\":\"https:\\\/\\\/misterfanjo.com\\\/wp-content\\\/uploads\\\/2024\\\/11\\\/RS-Illustration-16x9-Monetisation-du-projet-P04-1-1024x576.jpg\",\"contentUrl\":\"https:\\\/\\\/misterfanjo.com\\\/wp-content\\\/uploads\\\/2024\\\/11\\\/RS-Illustration-16x9-Monetisation-du-projet-P04-1-1024x576.jpg\"},{\"@type\":\"BreadcrumbList\",\"@id\":\"https:\\\/\\\/fichesetresumesdelivres.com\\\/#breadcrumb\",\"itemListElement\":[{\"@type\":\"ListItem\",\"position\":1,\"name\":\"Accueil\",\"item\":\"https:\\\/\\\/fichesetresumesdelivres.com\\\/\"},{\"@type\":\"ListItem\",\"position\":2,\"name\":\"Les r\u00e9sum\u00e9s de livres\"}]},{\"@type\":\"WebSite\",\"@id\":\"https:\\\/\\\/fichesetresumesdelivres.com\\\/#website\",\"url\":\"https:\\\/\\\/fichesetresumesdelivres.com\\\/\",\"name\":\"R\u00e9sum\u00e9s de livres\",\"description\":\"L\u2019essentiel des meilleurs livres \u201cpratiques\u201d (r\u00e9sum\u00e9s et fiches de lecture)\",\"publisher\":{\"@id\":\"https:\\\/\\\/fichesetresumesdelivres.com\\\/#organization\"},\"potentialAction\":[{\"@type\":\"SearchAction\",\"target\":{\"@type\":\"EntryPoint\",\"urlTemplate\":\"https:\\\/\\\/fichesetresumesdelivres.com\\\/?s={search_term_string}\"},\"query-input\":{\"@type\":\"PropertyValueSpecification\",\"valueRequired\":true,\"valueName\":\"search_term_string\"}}],\"inLanguage\":\"fr-FR\"},{\"@type\":\"Organization\",\"@id\":\"https:\\\/\\\/fichesetresumesdelivres.com\\\/#organization\",\"name\":\"Mister Fanjo\",\"url\":\"https:\\\/\\\/fichesetresumesdelivres.com\\\/\",\"logo\":{\"@type\":\"ImageObject\",\"inLanguage\":\"fr-FR\",\"@id\":\"https:\\\/\\\/fichesetresumesdelivres.com\\\/#\\\/schema\\\/logo\\\/image\\\/\",\"url\":\"https:\\\/\\\/fichesetresumesdelivres.com\\\/wp-content\\\/uploads\\\/2024\\\/11\\\/cropped-Photo-profil-512x512-2-1.png\",\"contentUrl\":\"https:\\\/\\\/fichesetresumesdelivres.com\\\/wp-content\\\/uploads\\\/2024\\\/11\\\/cropped-Photo-profil-512x512-2-1.png\",\"width\":250,\"height\":250,\"caption\":\"Mister Fanjo\"},\"image\":{\"@id\":\"https:\\\/\\\/fichesetresumesdelivres.com\\\/#\\\/schema\\\/logo\\\/image\\\/\"},\"sameAs\":[\"https:\\\/\\\/x.com\\\/misterfanjo\",\"https:\\\/\\\/instagram.com\\\/misterfanjo\",\"https:\\\/\\\/fr.linkedin.com\\\/in\\\/mister-fanjo-92b22321a\",\"https:\\\/\\\/www.youtube.com\\\/@misterfanjo\",\"https:\\\/\\\/open.spotify.com\\\/show\\\/3LkFCpj56P2NafeKO4yHyu?si=e68e989d9bd846b1&nd=1&dlsi=5f076fbde9d043f5\"]}]}<\/script>\n<!-- \/ Yoast SEO plugin. -->","yoast_head_json":{"title":"Les r\u00e9sum\u00e9s de livres - R\u00e9sum\u00e9s de livres","description":"D\u00e9couvrez dans ces r\u00e9sum\u00e9s de livres : l\u2019essentiel des meilleurs livres \u201cpratiques\u201d \u27bd business, investissement, communication ...\u2705","robots":{"index":"index","follow":"follow","max-snippet":"max-snippet:-1","max-image-preview":"max-image-preview:large","max-video-preview":"max-video-preview:-1"},"canonical":"https:\/\/fichesetresumesdelivres.com\/","og_locale":"fr_FR","og_type":"article","og_title":"Les r\u00e9sum\u00e9s de livres - R\u00e9sum\u00e9s de livres","og_description":"D\u00e9couvrez dans ces r\u00e9sum\u00e9s de livres : l\u2019essentiel des meilleurs livres \u201cpratiques\u201d \u27bd business, investissement, communication ...\u2705","og_url":"https:\/\/fichesetresumesdelivres.com\/","og_site_name":"R\u00e9sum\u00e9s de livres","article_modified_time":"2025-11-05T08:45:34+00:00","twitter_card":"summary_large_image","twitter_site":"@misterfanjo","twitter_misc":{"Dur\u00e9e de lecture estim\u00e9e":"2 minutes"},"schema":{"@context":"https:\/\/schema.org","@graph":[{"@type":"WebPage","@id":"https:\/\/fichesetresumesdelivres.com\/","url":"https:\/\/fichesetresumesdelivres.com\/","name":"Les r\u00e9sum\u00e9s de livres - R\u00e9sum\u00e9s de livres","isPartOf":{"@id":"https:\/\/fichesetresumesdelivres.com\/#website"},"primaryImageOfPage":{"@id":"https:\/\/fichesetresumesdelivres.com\/#primaryimage"},"image":{"@id":"https:\/\/fichesetresumesdelivres.com\/#primaryimage"},"thumbnailUrl":"https:\/\/misterfanjo.com\/wp-content\/uploads\/2024\/11\/RS-Illustration-16x9-Monetisation-du-projet-P04-1-1024x576.jpg","datePublished":"2024-11-17T06:50:19+00:00","dateModified":"2025-11-05T08:45:34+00:00","description":"D\u00e9couvrez dans ces r\u00e9sum\u00e9s de livres : l\u2019essentiel des meilleurs livres \u201cpratiques\u201d \u27bd business, investissement, communication ...\u2705","breadcrumb":{"@id":"https:\/\/fichesetresumesdelivres.com\/#breadcrumb"},"inLanguage":"fr-FR","potentialAction":[{"@type":"ReadAction","target":["https:\/\/fichesetresumesdelivres.com\/"]}]},{"@type":"ImageObject","inLanguage":"fr-FR","@id":"https:\/\/fichesetresumesdelivres.com\/#primaryimage","url":"https:\/\/misterfanjo.com\/wp-content\/uploads\/2024\/11\/RS-Illustration-16x9-Monetisation-du-projet-P04-1-1024x576.jpg","contentUrl":"https:\/\/misterfanjo.com\/wp-content\/uploads\/2024\/11\/RS-Illustration-16x9-Monetisation-du-projet-P04-1-1024x576.jpg"},{"@type":"BreadcrumbList","@id":"https:\/\/fichesetresumesdelivres.com\/#breadcrumb","itemListElement":[{"@type":"ListItem","position":1,"name":"Accueil","item":"https:\/\/fichesetresumesdelivres.com\/"},{"@type":"ListItem","position":2,"name":"Les r\u00e9sum\u00e9s de livres"}]},{"@type":"WebSite","@id":"https:\/\/fichesetresumesdelivres.com\/#website","url":"https:\/\/fichesetresumesdelivres.com\/","name":"R\u00e9sum\u00e9s de livres","description":"L\u2019essentiel des meilleurs livres \u201cpratiques\u201d (r\u00e9sum\u00e9s et fiches de lecture)","publisher":{"@id":"https:\/\/fichesetresumesdelivres.com\/#organization"},"potentialAction":[{"@type":"SearchAction","target":{"@type":"EntryPoint","urlTemplate":"https:\/\/fichesetresumesdelivres.com\/?s={search_term_string}"},"query-input":{"@type":"PropertyValueSpecification","valueRequired":true,"valueName":"search_term_string"}}],"inLanguage":"fr-FR"},{"@type":"Organization","@id":"https:\/\/fichesetresumesdelivres.com\/#organization","name":"Mister Fanjo","url":"https:\/\/fichesetresumesdelivres.com\/","logo":{"@type":"ImageObject","inLanguage":"fr-FR","@id":"https:\/\/fichesetresumesdelivres.com\/#\/schema\/logo\/image\/","url":"https:\/\/fichesetresumesdelivres.com\/wp-content\/uploads\/2024\/11\/cropped-Photo-profil-512x512-2-1.png","contentUrl":"https:\/\/fichesetresumesdelivres.com\/wp-content\/uploads\/2024\/11\/cropped-Photo-profil-512x512-2-1.png","width":250,"height":250,"caption":"Mister Fanjo"},"image":{"@id":"https:\/\/fichesetresumesdelivres.com\/#\/schema\/logo\/image\/"},"sameAs":["https:\/\/x.com\/misterfanjo","https:\/\/instagram.com\/misterfanjo","https:\/\/fr.linkedin.com\/in\/mister-fanjo-92b22321a","https:\/\/www.youtube.com\/@misterfanjo","https:\/\/open.spotify.com\/show\/3LkFCpj56P2NafeKO4yHyu?si=e68e989d9bd846b1&nd=1&dlsi=5f076fbde9d043f5"]}]}},"_links":{"self":[{"href":"https:\/\/fichesetresumesdelivres.com\/index.php\/wp-json\/wp\/v2\/pages\/26","targetHints":{"allow":["GET"]}}],"collection":[{"href":"https:\/\/fichesetresumesdelivres.com\/index.php\/wp-json\/wp\/v2\/pages"}],"about":[{"href":"https:\/\/fichesetresumesdelivres.com\/index.php\/wp-json\/wp\/v2\/types\/page"}],"author":[{"embeddable":true,"href":"https:\/\/fichesetresumesdelivres.com\/index.php\/wp-json\/wp\/v2\/users\/1"}],"replies":[{"embeddable":true,"href":"https:\/\/fichesetresumesdelivres.com\/index.php\/wp-json\/wp\/v2\/comments?post=26"}],"version-history":[{"count":14,"href":"https:\/\/fichesetresumesdelivres.com\/index.php\/wp-json\/wp\/v2\/pages\/26\/revisions"}],"predecessor-version":[{"id":1294,"href":"https:\/\/fichesetresumesdelivres.com\/index.php\/wp-json\/wp\/v2\/pages\/26\/revisions\/1294"}],"wp:attachment":[{"href":"https:\/\/fichesetresumesdelivres.com\/index.php\/wp-json\/wp\/v2\/media?parent=26"}],"curies":[{"name":"wp","href":"https:\/\/api.w.org\/{rel}","templated":true}]}}